{"id":3766,"date":"2018-08-03T15:01:52","date_gmt":"2018-08-03T18:01:52","guid":{"rendered":"http:\/\/fabriciomuller.com.br\/wp\/?page_id=3766"},"modified":"2024-12-21T21:48:01","modified_gmt":"2024-12-22T00:48:01","slug":"sobre","status":"publish","type":"page","link":"https:\/\/fabriciomuller.com.br\/wp\/?page_id=3766","title":{"rendered":"SOBRE"},"content":{"rendered":"<p>[vc_row][vc_column]<div class=\"about-me-wrap wpb_content_element\"><div class=\"about-name-wrap\"><h1>Fabricio M\u00fcller<\/h1><img decoding=\"async\" class=\"name-image\" src=\"\"><\/div><div class=\"clear\"><\/div><div class=\"about-image-wrap\"><img decoding=\"async\" class=\"about-big\" src=\"https:\/\/fabriciomuller.com.br\/wp\/wp-content\/uploads\/2018\/08\/002.png\"><img decoding=\"async\" class=\"about-medium\" src=\"https:\/\/fabriciomuller.com.br\/wp\/wp-content\/uploads\/2018\/08\/003.png\"><img decoding=\"async\" class=\"about-small\" src=\"https:\/\/fabriciomuller.com.br\/wp\/wp-content\/uploads\/2018\/08\/001.png\"><\/div><\/div>[\/vc_column][\/vc_row][vc_row][vc_column][vc_row_inner][vc_column_inner]<div class=\"wpb_content_element vc_dropcap\"><div class=\"dropcap type1\"><span class=\"first_letter\" >N<\/span>ascido em 1968, o escritor Fabricio Muller tamb\u00e9m \u00e9 engenheiro civil com mestrado em engenharia hidr\u00e1ulica. J\u00e1 lan\u00e7ou o romance \u201cUm amor como nenhum outro\u201d (Schoba), o volume \u201cO ver\u00e3o de 54 (novelas)\u201d (Appris) e o livro de ensaios autobiogr\u00e1ficos \u201cRua Para\u00edba\u201d (Caf\u00e9 do Escritor). \u00c9 casado com a Val\u00e9ria e tem uma filha, Teresa.<\/div><\/div>[\/vc_column_inner][\/vc_row_inner][\/vc_column][\/vc_row]<\/p>\n","protected":false},"excerpt":{"rendered":"<p>[vc_row][vc_column][\/vc_column][\/vc_row][vc_row][vc_column][vc_row_inner][vc_column_inner][\/vc_column_inner][\/vc_row_inner][\/vc_column][\/vc_row]<\/p>\n","protected":false},"author":4,"featured_media":0,"parent":0,"menu_order":0,"comment_status":"closed","ping_status":"closed","template":"","meta":{"_monsterinsights_skip_tracking":false,"_monsterinsights_sitenote_active":false,"_monsterinsights_sitenote_note":"","_monsterinsights_sitenote_category":0,"footnotes":""},"class_list":["post-3766","page","type-page","status-publish","hentry"],"_links":{"self":[{"href":"https:\/\/fabriciomuller.com.br\/wp\/index.php?rest_route=\/wp\/v2\/pages\/3766","targetHints":{"allow":["GET"]}}],"collection":[{"href":"https:\/\/fabriciomuller.com.br\/wp\/index.php?rest_route=\/wp\/v2\/pages"}],"about":[{"href":"https:\/\/fabriciomuller.com.br\/wp\/index.php?rest_route=\/wp\/v2\/types\/page"}],"author":[{"embeddable":true,"href":"https:\/\/fabriciomuller.com.br\/wp\/index.php?rest_route=\/wp\/v2\/users\/4"}],"replies":[{"embeddable":true,"href":"https:\/\/fabriciomuller.com.br\/wp\/index.php?rest_route=%2Fwp%2Fv2%2Fcomments&post=3766"}],"version-history":[{"count":5,"href":"https:\/\/fabriciomuller.com.br\/wp\/index.php?rest_route=\/wp\/v2\/pages\/3766\/revisions"}],"predecessor-version":[{"id":5641,"href":"https:\/\/fabriciomuller.com.br\/wp\/index.php?rest_route=\/wp\/v2\/pages\/3766\/revisions\/5641"}],"wp:attachment":[{"href":"https:\/\/fabriciomuller.com.br\/wp\/index.php?rest_route=%2Fwp%2Fv2%2Fmedia&parent=3766"}],"curies":[{"name":"wp","href":"https:\/\/api.w.org\/{rel}","templated":true}]}}